{"id":5720,"date":"2018-10-22T13:45:00","date_gmt":"2018-10-22T11:45:00","guid":{"rendered":"https:\/\/www.ekko-wp.com\/?page_id=5720"},"modified":"2022-04-23T22:57:41","modified_gmt":"2022-04-23T20:57:41","slug":"nosotros","status":"publish","type":"page","link":"https:\/\/exadi.es\/en\/nosotros\/","title":{"rendered":"Nosotros"},"content":{"rendered":"<div class=\"wpb-content-wrapper\"><div class=\"vc_row wpb_row vc_row-fluid vc_row-bg-position-top\"><div class=\"wpb_column vc_column_container vc_col-sm-12\"><div class=\"vc_column-inner\"><div class=\"wpb_wrapper\"><header class=\"kd-section-title vc_col-lg-6 vc_col-sm-8 text-center  subtitle-below-title    vc_custom_1650612281691\" ><h2 class=\"separator_off\" style=\"color: #3f3f3f;font-size: 24px;margin-bottom: 0px;\">CONSUMIBLES INFORM\u00c1TICOS, HARDWARE Y ACCESORIOS<\/h2><h6 class=\"subtitle\" style=\"color: #63656a;font-size: 18px;\">\u201cLa atenci\u00f3n personalizada, velocidad de respuesta y garant\u00eda de calidad de todos sus productos y servicios, son los valores que la respaldan\u201d<\/h6><\/header><\/div><\/div><\/div><div class=\"wpb_column vc_column_container vc_col-sm-12\"><div class=\"vc_column-inner\"><div class=\"wpb_wrapper\"><div class=\"vc_empty_space\"   style=\"height: 50px\"><span class=\"vc_empty_space_inner\"><\/span><\/div><\/div><\/div><\/div><\/div><div data-vc-full-width=\"true\" data-vc-full-width-init=\"false\" data-vc-stretch-content=\"true\" class=\"vc_row wpb_row vc_row-fluid vc_custom_1650441025244 vc_custom_1650441025246 vc_row-bg-position-top\"><div class=\"wpb_column vc_column_container vc_col-sm-12\"><div class=\"vc_column-inner vc_custom_1599032616729\"><div class=\"wpb_wrapper\"><div class=\"vc_row wpb_row vc_inner vc_row-fluid vc_custom_1650440902065 vc_custom_1650440902066 vc_custom_1650440902067 vc_row-has-fill vc_row-has-padding-top vc_row-has-padding-bottom vc_row-bg-position-top vc_inner_row-contained\"><div class=\"container\"><div class=\"wpb_column vc_column_container vc_col-sm-12 vc_col-lg-offset-0 vc_col-lg-6 vc_col-md-offset-1 vc_col-sm-offset-1\"><div class=\"vc_column-inner vc_custom_1635319071629 vc_custom_1635319071630 vc_custom_1635319071630 vc_custom_1635319071631\"><div class=\"wpb_wrapper\"><header class=\"kd-section-title col-lg-12 text-left  subtitle-below-title\" ><h2 class=\"separator_off\" style=\"color: #514c4d;\">Profesionales con m\u00e1s<br \/>\nde 20 a\u00f1os de experiencia<\/h2><\/header><div class=\"vc_empty_space\"   style=\"height: 40px\"><span class=\"vc_empty_space_inner\"><\/span><\/div><div class=\"key-icon-box icon-default icon-left cont-left ib-no-effect       kd-animated fadeIn\" style=\"background-color: transparent;\" data-animation-delay=\"400\"><i class=\"iconsmind-Handshake iconsmind-Business-Finance\" style=\"color: #dd3333;font-size: 35px;font-weight: 400;\"><\/i> <h6 class=\"service-heading\" style=\"color: #514c4d;\">Expansi\u00f3n internacional<\/h6><p style=\"color:#514c4d;font-size: 18px;\">Fruto de la exitosa pol\u00edtica de expansi\u00f3n es la consolidaci\u00f3n en el mercado europeo con presencia actual en la mayor\u00eda de pa\u00edses.<\/p><\/div><div class=\"vc_empty_space\"   style=\"height: 40px\"><span class=\"vc_empty_space_inner\"><\/span><\/div><div class=\"key-icon-box icon-default icon-left cont-left ib-no-effect       kd-animated fadeIn\" style=\"background-color: transparent;\" data-animation-delay=\"400\"><i class=\"iconsmind-People-onCloud iconsmind-Cloud-Class\" style=\"color: #dd3333;font-size: 35px;font-weight: 400;\"><\/i> <h6 class=\"service-heading\" style=\"color: #514c4d;\">Know-how y atenci\u00f3n personalizada<\/h6><p style=\"color:#514c4d;font-size: 18px;\">R\u00e1pida respuesta y garant\u00eda de calidad de sus<br \/>\nproductos y servicios.<\/p><\/div><\/div><\/div><\/div><div class=\"wpb_column vc_column_container vc_col-sm-12 vc_col-lg-6\"><div class=\"vc_column-inner\"><div class=\"wpb_wrapper\"><div class=\"kd-photo-group group-layout-right-left large-shadow enable-parallax\">\n                <div class=\"kd-group-image first-image-wrapper\"><div class=\"kd-group-image-animation kd-animated fadeInDown\" data-animation-delay=\"200\"><img loading=\"lazy\" decoding=\"async\" width=\"372\" height=\"428\" src=\"https:\/\/exadi.es\/wp-content\/uploads\/2021\/09\/EXADI-HOME-1-3.png\" class=\"attachment-full\" alt=\"\" title=\"EXADI-HOME-1\" srcset=\"https:\/\/exadi.es\/wp-content\/uploads\/2021\/09\/EXADI-HOME-1-3.png 372w, https:\/\/exadi.es\/wp-content\/uploads\/2021\/09\/EXADI-HOME-1-3-261x300.png 261w\" sizes=\"auto, (max-width: 372px) 100vw, 372px\" \/><\/div><\/div>\n                <div class=\"kd-group-image second-image-wrapper\" style=\"bottom: 15%;\"><div class=\"kd-group-image-animation kd-animated fadeInUp\" data-animation-delay=\"200\"><img loading=\"lazy\" decoding=\"async\" width=\"372\" height=\"428\" src=\"https:\/\/exadi.es\/wp-content\/uploads\/2021\/09\/EXADI-HOME-2-2.png\" class=\"attachment-full\" alt=\"\" title=\"EXADI-HOME-2\" srcset=\"https:\/\/exadi.es\/wp-content\/uploads\/2021\/09\/EXADI-HOME-2-2.png 372w, https:\/\/exadi.es\/wp-content\/uploads\/2021\/09\/EXADI-HOME-2-2-261x300.png 261w\" sizes=\"auto, (max-width: 372px) 100vw, 372px\" \/><\/div><\/div>\n            <\/div><div class=\"kd-shapes shape_dots with-parallax kd-animated zoomIn\" style=\"right: -45px;bottom: -120px;width: 340px;height: 173px;\" data-parallax-speed=\"-0.05\" data-animation-delay=\"400\"><\/div><\/div><\/div><\/div><\/div><\/div><div class=\"vc_row wpb_row vc_inner vc_row-fluid vc_custom_1597924678053 vc_row-has-padding-top vc_row-has-padding-bottom vc_row-bg-position-top vc_inner_row-contained\"><div class=\"container\"><div class=\"wpb_column vc_column_container vc_col-sm-12\"><div class=\"vc_column-inner vc_custom_1599032735069 vc_custom_1599032735070 vc_custom_1599032735070 vc_custom_1599032735071\"><div class=\"wpb_wrapper\"><div class=\"slider clients grayscale-effect kd-client-69da13d9166fe black-navigation\"><div class=\"clients-content kd-animated fadeInUp\" data-animation-delay=\"200\"><img loading=\"lazy\" decoding=\"async\" width=\"138\" height=\"31\" src=\"https:\/\/exadi.es\/wp-content\/uploads\/2021\/09\/brother-1.png\" class=\"attachment-full\" alt=\"\" title=\"brother\" \/><\/div><div class=\"clients-content kd-animated fadeInUp\" data-animation-delay=\"400\"><img loading=\"lazy\" decoding=\"async\" width=\"175\" height=\"33\" src=\"https:\/\/exadi.es\/wp-content\/uploads\/2021\/09\/verbatim.png\" class=\"attachment-full\" alt=\"\" title=\"verbatim\" \/><\/div><div class=\"clients-content kd-animated fadeInUp\" data-animation-delay=\"600\"><img loading=\"lazy\" decoding=\"async\" width=\"136\" height=\"28\" src=\"https:\/\/exadi.es\/wp-content\/uploads\/2021\/09\/lenovo.png\" class=\"attachment-full\" alt=\"\" title=\"lenovo\" \/><\/div><div class=\"clients-content kd-animated fadeInUp\" data-animation-delay=\"800\"><img loading=\"lazy\" decoding=\"async\" width=\"63\" height=\"64\" src=\"https:\/\/exadi.es\/wp-content\/uploads\/2021\/09\/hp.png\" class=\"attachment-full\" alt=\"\" title=\"hp\" \/><\/div><div class=\"clients-content kd-animated fadeInUp\" data-animation-delay=\"1000\"><img loading=\"lazy\" decoding=\"async\" width=\"134\" height=\"28\" src=\"https:\/\/exadi.es\/wp-content\/uploads\/2021\/09\/canon.png\" class=\"attachment-full\" alt=\"\" title=\"canon\" \/><\/div><div class=\"clients-content\" ><img loading=\"lazy\" decoding=\"async\" width=\"123\" height=\"30\" src=\"https:\/\/exadi.es\/wp-content\/uploads\/2021\/09\/epson.png\" class=\"attachment-full\" alt=\"\" title=\"epson\" \/><\/div><\/div><script type=\"text\/javascript\">\n              jQuery(document).ready(function($){\n                if ($(\".slider.clients.kd-client-69da13d9166fe\").length) {\n                  $(\".slider.clients.kd-client-69da13d9166fe\").owlCarousel({\n                    stageClass: \"owl-wrapper\",\n                    stageOuterClass: \"owl-wrapper-outer\",\n                    loadedClass: \"owl-carousel\",\n                    responsiveClass:true,\n                    responsive:{\n                      0:{\n                          items:1,nav: true,\n                            navSpeed: 500,\n                            dots: false,},\n                      415:{\n                          items:3,nav: true,\n                            navSpeed: 500,\n                            dots: false,},\n                      960:{\n                          items:6,nav: true,\n                              navSpeed: 250,\n                              dots: false,}\n                    },loop: true,autoplay: true,autoplayTimeout: 5000,\n                  });\n                }\n              });\n            <\/script><div class=\"vc_empty_space\"   style=\"height: 42px\"><span class=\"vc_empty_space_inner\"><\/span><\/div><\/div><\/div><\/div><\/div><\/div><\/div><\/div><\/div><\/div><div class=\"vc_row-full-width vc_clearfix\"><\/div><div data-vc-full-width=\"true\" data-vc-full-width-init=\"false\" class=\"vc_row wpb_row vc_row-fluid with-gradient vc_custom_1633003485810 vc_row-has-fill vc_row-has-padding-top vc_row-has-padding-bottom vc_row-bg-position-top\"><div class=\"wpb_column vc_column_container vc_col-sm-12\"><div class=\"vc_column-inner\"><div class=\"wpb_wrapper\"><div class=\"vc_row wpb_row vc_inner vc_row-fluid vc_custom_1632994006066 vc_custom_1632994006069 vc_custom_1632994006071 vc_row-has-padding-bottom vc_row-bg-position-top\"><div class=\"wpb_column vc_column_container vc_col-sm-12 vc_col-lg-offset-0 vc_col-lg-6 vc_col-md-offset-0 vc_col-md-6 vc_col-sm-offset-0 vc_col-xs-12\"><div class=\"vc_column-inner vc_custom_1602596935982 vc_custom_1602596935983 vc_custom_1602596935983 vc_custom_1602596935985\"><div class=\"wpb_wrapper\"><header class=\"kd-section-title col-lg-12 text-left  subtitle-below-title kd-animated fadeIn   vc_custom_1632997718247\" data-animation-delay=\"200\"><h2 class=\"separator_off\" style=\"color: #63656a;margin-bottom: 30px;\">Abd\u00f3n Motilla<\/h2><\/header><header class=\"kd-section-title col-lg-12 text-left  subtitle-below-title kd-animated fadeIn   vc_custom_1632997894121\" data-animation-delay=\"200\"><h5 class=\"separator_off\" style=\"color: #63656a;\">CEO <span style=\"color:#CD1733;\">Exadi Business S.L<\/span><\/h5><\/header><header class=\"kd-section-title col-lg-12 text-left  subtitle-below-title kd-animated fadeIn   vc_custom_1632997686934\" data-animation-delay=\"200\"><h6 class=\"subtitle\" style=\"color: #63656a;\">Comenz\u00f3 en la empresa Adimpo en el a\u00f1o 1988, a\u00f1o de su constituci\u00f3n, como jefe de administraci\u00f3n y, pronto fue nombrado Director Corporativo Financiero, entrando a formar parte del Comit\u00e9 de Direcci\u00f3n.<\/h6><\/header><header class=\"kd-section-title col-lg-12 text-left  subtitle-below-title kd-animated fadeIn   vc_custom_1632997669463\" data-animation-delay=\"200\"><h6 class=\"subtitle\" style=\"color: #63656a;\">En el a\u00f1o 2011 termina su andadura profesional en esta empresa para emprender el proyecto de constituci\u00f3n de Exadi Business.<\/h6><\/header><header class=\"kd-section-title col-lg-12 text-left  subtitle-below-title kd-animated fadeIn   vc_custom_1650368146295\" data-animation-delay=\"200\"><h4 class=\"separator_off\" style=\"color: #dd3333;margin-bottom: 10px;\">Contacto:<\/h4><h6 class=\"subtitle\" style=\"color: #63656a;\">abdon.motilla@exadi.com<\/h6><\/header><\/div><\/div><\/div><div class=\"wpb_column vc_column_container vc_col-sm-12 vc_col-lg-6 vc_col-md-6 vc_col-xs-12\"><div class=\"vc_column-inner vc_custom_1603883755577 vc_custom_1603883755578  vc_custom_1603883755579\"><div class=\"wpb_wrapper\"><div class=\"kd-photo-group group-layout-right-left no-shadow enable-parallax\">\n                <div class=\"kd-group-image first-image-wrapper\"><div class=\"kd-group-image-animation kd-animated fadeInDown\" data-animation-delay=\"200\"><img loading=\"lazy\" decoding=\"async\" width=\"524\" height=\"580\" src=\"https:\/\/exadi.es\/wp-content\/uploads\/2021\/09\/EXADI-76-1.png\" class=\"attachment-full\" alt=\"\" title=\"EXADI-76-1\" srcset=\"https:\/\/exadi.es\/wp-content\/uploads\/2021\/09\/EXADI-76-1.png 524w, https:\/\/exadi.es\/wp-content\/uploads\/2021\/09\/EXADI-76-1-271x300.png 271w\" sizes=\"auto, (max-width: 524px) 100vw, 524px\" \/><\/div><\/div>\n                <div class=\"kd-group-image second-image-wrapper\" style=\"bottom: -10%;\"><div class=\"kd-group-image-animation kd-animated fadeInUp\" data-animation-delay=\"200\"><\/div><\/div>\n            <\/div><div class=\"kd-shapes shape_dots with-parallax kd-animated fadeInUp\" style=\"right: -63px;bottom: -5px;width: 340px;height: 173px;\" data-parallax-speed=\"-0.1\" data-animation-delay=\"400\"><\/div><\/div><\/div><\/div><\/div><\/div><\/div><\/div><\/div><div class=\"vc_row-full-width vc_clearfix\"><\/div><div data-vc-full-width=\"true\" data-vc-full-width-init=\"false\" class=\"vc_row wpb_row vc_row-fluid vc_row-bg-position-top\"><div class=\"wpb_column vc_column_container vc_col-sm-12\"><div class=\"vc_column-inner\"><div class=\"wpb_wrapper\"><div class=\"vc_row wpb_row vc_inner vc_row-fluid vc_custom_1597925114307 vc_row-has-padding-top vc_row-has-padding-bottom vc_row-bg-position-top vc_row-o-content-middle vc_row-flex\"><div class=\"wpb_column vc_column_container vc_col-sm-12 vc_col-lg-offset-0 vc_col-lg-6 vc_col-md-offset-0 vc_col-sm-offset-0\"><div class=\"vc_column-inner vc_custom_1599050735143 vc_custom_1599050735144 vc_custom_1599050735146 vc_custom_1599050735147\"><div class=\"wpb_wrapper\"><div class=\"video-container play-button-center big-video-btn   kd-animated fadeIn\" data-animation-delay=\"200\"><img loading=\"lazy\" decoding=\"async\" width=\"580\" height=\"428\" src=\"https:\/\/exadi.es\/wp-content\/uploads\/2021\/10\/foto-video-exadi-1.png\" class=\"attachment-full\" alt=\"\" title=\"foto-video-exadi\" srcset=\"https:\/\/exadi.es\/wp-content\/uploads\/2021\/10\/foto-video-exadi-1.png 580w, https:\/\/exadi.es\/wp-content\/uploads\/2021\/10\/foto-video-exadi-1-300x221.png 300w\" sizes=\"auto, (max-width: 580px) 100vw, 580px\" \/><a data-toggle=\"modal\" data-target=\"#video-modal-kd-video-modal-69da13d9209f2\" data-src=\"https:\/\/www.youtube.com\/embed\/CrwJYAzSiSE\" data-backdrop=\"true\" class=\"\"><span class=\"play-video\"><span class=\"sway-play\"><\/span><\/span><\/a><\/div><div class=\"modal fade video-modal\" id=\"video-modal-kd-video-modal-69da13d9209f2\" role=\"dialog\">\n                            <div class=\"modal-content\">\n                            <button type=\"button\" class=\"close\" data-dismiss=\"modal\">\u00d7<\/button>\n                            <div class=\"row\"><iframe width=\"1024\" height=\"576\" allow=\"autoplay; fullscreen\"><\/iframe><\/div>\n                            <\/div>\n                        <\/div><div class=\"kd-shapes shape_dots with-parallax kd-animated zoomIn\" style=\"right: -30px;bottom: -100px;width: 340px;height: 173px;\" data-parallax-speed=\"-0.1\" data-animation-delay=\"400\"><\/div><\/div><\/div><\/div><div class=\"wpb_column vc_column_container vc_col-sm-12 vc_col-lg-6\"><div class=\"vc_column-inner vc_custom_1599050763930 vc_custom_1599050763933 vc_custom_1599050763934 vc_custom_1599050763935\"><div class=\"wpb_wrapper\"><header class=\"kd-section-title col-lg-12 text-left  subtitle-below-title kd-animated fadeIn   vc_custom_1633522516376\" data-animation-delay=\"200\"><h2 class=\"separator_off\" style=\"color: #cd1733;margin-bottom: 30px;\">Conoce nuestro d\u00eda<br \/>\na d\u00eda en Exadi<\/h2><h6 class=\"subtitle\" style=\"color: #63656a;\">\u00a1Pasi\u00f3n, dedicaci\u00f3n y trabajo en equipo! Estas son las claves del \u00e9xito. Descubre nuestro video corporativo, un breve recorrido por cada rinc\u00f3n de EXADI.<\/h6><\/header><a  href=\"https:\/\/exadi.es\/en\/contacto\/\"  target=\"_self\"  title=\"Contact\" class=\"tt_button tt_primary_button btn_primary_color  btn-align-left button-action-link icon_right  kd-animated zoomIn\" data-animation-delay=\"200\"><span class=\"prim_text\">Contact<\/span><span class=\"fas fa-chevron-right iconita\" style=\"font-size: 12px;\"><\/span><\/a><\/div><\/div><\/div><\/div><\/div><\/div><\/div><\/div><div class=\"vc_row-full-width vc_clearfix\"><\/div><div data-vc-full-width=\"true\" data-vc-full-width-init=\"false\" class=\"vc_row wpb_row vc_row-fluid vc_row-bg-position-top\"><div class=\"wpb_column vc_column_container vc_col-sm-12\"><div class=\"vc_column-inner\"><div class=\"wpb_wrapper\"><div class=\"vc_row wpb_row vc_inner vc_row-fluid vc_custom_1598438697936 vc_row-has-padding-top vc_row-has-padding-bottom vc_row-bg-position-top\"><div class=\"wpb_column vc_column_container vc_col-sm-4\"><div class=\"vc_column-inner\"><div class=\"wpb_wrapper\"><div class=\"kd_counter icon-top  kd-animated fadeInUp\" ><div class=\"kd_counter_content\"><div class=\"kd_counter_icon\"><div class=\"kd-counter-icon\"><i class=\"fas fa-users\" style=\" color: #757575; \"><\/i><\/div><\/div><h4 class=\"kd_counter_number\"><span class=\"kd_number_string\" style=\"color:#cd1733;font-weight:400;\" data-from=\"0\" data-to=\"10000\" data-refresh-interval=\"50\">0<\/span><span class=\"kd_counter_units\" style=\"color:#cd1733;font-weight:400;\">+<\/span><\/h4><div class=\"kd_counter_text\" style=\"color: #757575;\">M\u00e1s de 10.000 clientes<\/div><\/div><\/div><\/div><\/div><\/div><div class=\"wpb_column vc_column_container vc_col-sm-4\"><div class=\"vc_column-inner\"><div class=\"wpb_wrapper\"><div class=\"kd_counter icon-top  kd-animated fadeInUp\" data-animation-delay=\"200\"><div class=\"kd_counter_content\"><div class=\"kd_counter_icon\"><div class=\"kd-counter-icon\"><i class=\"far fa-calendar-alt\" style=\" color: #757575; \"><\/i><\/div><\/div><h4 class=\"kd_counter_number\"><span class=\"kd_number_string\" style=\"color:#cd1733;font-weight:400;\" data-from=\"0\" data-to=\"20\" data-refresh-interval=\"50\">0<\/span><span class=\"kd_counter_units\" style=\"color:#cd1733;font-weight:400;\">+<\/span><\/h4><div class=\"kd_counter_text\" style=\"color: #757575;\">M\u00e1s de 20 a\u00f1os de Experiencia<\/div><\/div><\/div><\/div><\/div><\/div><div class=\"wpb_column vc_column_container vc_col-sm-4\"><div class=\"vc_column-inner\"><div class=\"wpb_wrapper\"><div class=\"kd_counter icon-top  kd-animated fadeInUp\" data-animation-delay=\"400\"><div class=\"kd_counter_content\"><div class=\"kd_counter_icon\"><div class=\"kd-counter-icon\"><i class=\"fas fa-archive\" style=\" color: #757575; \"><\/i><\/div><\/div><h4 class=\"kd_counter_number\"><span class=\"kd_number_string\" style=\"color:#cd1733;font-weight:400;\" data-from=\"0\" data-to=\"30000\" data-refresh-interval=\"50\">0<\/span><span class=\"kd_counter_units\" style=\"color:#cd1733;font-weight:400;\">+<\/span><\/h4><div class=\"kd_counter_text\" style=\"color: #757575;\">M\u00e1s de 30.000 Referencias Disponibles<\/div><\/div><\/div><\/div><\/div><\/div><\/div><\/div><\/div><\/div><\/div><div class=\"vc_row-full-width vc_clearfix\"><\/div><div data-vc-full-width=\"true\" data-vc-full-width-init=\"false\" class=\"vc_row wpb_row vc_row-fluid vc_custom_1633348563176 vc_row-has-fill vc_row-has-padding-top vc_row-has-padding-bottom vc_row-bg-position-top\"><div class=\"wpb_column vc_column_container vc_col-sm-12\"><div class=\"vc_column-inner\"><div class=\"wpb_wrapper\"><div class=\"vc_row wpb_row vc_inner vc_row-fluid vc_row-bg-position-top\"><div class=\"wpb_column vc_column_container vc_col-sm-12\"><div class=\"vc_column-inner\"><div class=\"wpb_wrapper\"><header class=\"kd-section-title vc_col-lg-6 vc_col-sm-8 text-center  subtitle-below-title kd-animated fadeIn   vc_custom_1633003084267\" data-animation-delay=\"200\"><h1 class=\"separator_off\" style=\"color: #ffffff;\">Conoce al equipo<br \/>\nde Exadi al completo<\/h1><\/header><div class=\"vc_empty_space\"   style=\"height: 32px\"><span class=\"vc_empty_space_inner\"><\/span><\/div><a  href=\"https:\/\/exadi.es\/en\/equipo\/\"  target=\"_self\"  title=\"\" class=\"tt_button tt_primary_button btn_primary_color  button-center button-action-link\" ><span class=\"prim_text\">Ver equipo<\/span><\/a><\/div><\/div><\/div><\/div><\/div><\/div><\/div><\/div><div class=\"vc_row-full-width vc_clearfix\"><\/div><div data-vc-full-width=\"true\" data-vc-full-width-init=\"false\" class=\"vc_row wpb_row vc_row-fluid background-blend vc_custom_1650369402601 vc_row-has-fill vc_row-has-padding-top vc_row-bg-position-top\"><div class=\"wpb_column vc_column_container vc_col-sm-12\"><div class=\"vc_column-inner vc_custom_1597665991208\"><div class=\"wpb_wrapper\"><header class=\"kd-section-title col-lg-12 text-center  subtitle-above-title kd-animated fadeIn   vc_custom_1650562906454\" data-animation-delay=\"200\"><h6 class=\"subtitle\" style=\"color: #ffffff;font-size: 20px;\">CONSTANT DEVELOPMENT IS ONE OF THE KEYS OF OUR STRATEGY<\/h6><h2 class=\"separator_off\" style=\"color: #ffffff;font-size: 42px;\">We offer security and quality assurance,<br \/>\nwhatever your location<\/h2><\/header><a  href=\"https:\/\/exadi.es\/en\/contacto\/\"  target=\"_self\"  title=\"Contact\" class=\"tt_button tt_primary_button btn_primary_color hover_solid_white button-center button-action-link icon_right  kd-animated zoomIn\" data-animation-delay=\"200\"><span class=\"prim_text\">Talk later?<\/span><span class=\"fas fa-chevron-right iconita\" ><\/span><\/a><div class=\"vc_row wpb_row vc_inner vc_row-fluid vc_custom_1632921669748 vc_custom_1632921669749 vc_custom_1632921669750 vc_row-has-padding-top vc_row-bg-position-top\"><div class=\"wpb_column vc_column_container vc_col-sm-3 vc_col-lg-3 vc_col-md-6\"><div class=\"vc_column-inner\"><div class=\"wpb_wrapper\"><div class=\"key-icon-box icon-default icon-top cont-center ib-no-effect    with-border icon-no-background icon-no-border kd-animated fadeInUp\" style=\"background-color: transparent;border: 1px solid rgba(255,255,255,0.3);\" ><div class=\"ib-wrapper\" style=\"padding-bottom:50px;\"><div class=\"ib-simple-icon-wrapper\" style=\"margin-bottom:30px;\"><i class=\"iconsmind-Envelope-2 iconsmind-Emails\" style=\"color: #ffffff;font-size: 40px;font-weight: 400;\"><\/i> <\/div><h6 class=\"service-heading\" style=\"color: #ffffff;\">Contact<\/h6><p style=\"color:#ffffff;\">Access our form<br \/>\ngeneral contact<\/p><p class=\"ib-link\"><a href=\"https:\/\/exadi.es\/en\/contacto\/\" target=\"\" style=\"color: #ffffff;\">Go to Contact<\/a><\/p><\/div><\/div><\/div><\/div><\/div><div class=\"wpb_column vc_column_container vc_col-sm-3 vc_col-lg-3 vc_col-md-6\"><div class=\"vc_column-inner\"><div class=\"wpb_wrapper\"><div class=\"key-icon-box icon-default icon-top cont-center ib-no-effect    with-border icon-no-background icon-no-border kd-animated fadeInUp\" style=\"background-color: transparent;border: 1px solid rgba(255,255,255,0.3);\" data-animation-delay=\"200\"><div class=\"ib-wrapper\" style=\"padding-bottom:50px;\"><div class=\"ib-simple-icon-wrapper\" style=\"margin-bottom:30px;\"><i class=\"iconsmind-Map2 iconsmind-Maps-Locations\" style=\"color: #ffffff;font-size: 40px;font-weight: 400;\"><\/i> <\/div><h6 class=\"service-heading\" style=\"color: #ffffff;\">Location<\/h6><p style=\"color:#ffffff;\">Where we are? Access<br \/>\nto our map<\/p><p class=\"ib-link\"><a href=\"https:\/\/goo.gl\/maps\/75iafY8y6EmGfx866\" target=\"_blank\" style=\"color: #ffffff;\">Go to Map<\/a><\/p><\/div><\/div><\/div><\/div><\/div><div class=\"wpb_column vc_column_container vc_col-sm-3 vc_col-lg-3 vc_col-md-6\"><div class=\"vc_column-inner\"><div class=\"wpb_wrapper\"><div class=\"key-icon-box icon-default icon-top cont-center ib-no-effect    with-border icon-no-background icon-no-border kd-animated fadeInUp\" style=\"background-color: transparent;border: 1px solid rgba(255,255,255,0.3);\" data-animation-delay=\"400\"><div class=\"ib-wrapper\" style=\"padding-bottom:50px;\"><div class=\"ib-simple-icon-wrapper\" style=\"margin-bottom:30px;\"><i class=\"far fa-copy\" style=\"color: #ffffff;font-size: 40px;font-weight: 400;\"><\/i> <\/div><h6 class=\"service-heading\" style=\"color: #ffffff;\">Services<\/h6><p style=\"color:#ffffff;\">How can we help you?<br \/>\nDiscover our services<\/p><p class=\"ib-link\"><a href=\"https:\/\/exadi.es\/en\/conocenos\/\" target=\"\" style=\"color: #ffffff;\">Go to Services<\/a><\/p><\/div><\/div><\/div><\/div><\/div><div class=\"wpb_column vc_column_container vc_col-sm-3 vc_col-lg-3 vc_col-md-6\"><div class=\"vc_column-inner\"><div class=\"wpb_wrapper\"><div class=\"key-icon-box icon-default icon-top cont-center ib-no-effect    with-border icon-no-background icon-no-border kd-animated fadeInUp\" style=\"background-color: transparent;border: 1px solid rgba(255,255,255,0.3);\" data-animation-delay=\"600\"><div class=\"ib-wrapper\" style=\"padding-bottom:50px;\"><div class=\"ib-simple-icon-wrapper\" style=\"margin-bottom:30px;\"><i class=\"far fa-file\" style=\"color: #ffffff;font-size: 40px;font-weight: 400;\"><\/i> <\/div><h6 class=\"service-heading\" style=\"color: #ffffff;\">Cat\u00e1logo<\/h6><p style=\"color:#ffffff;\">Descubre nuestro Cat\u00e1logo<br \/>\nM\u00e1s de 15.000 Referencias<\/p><p class=\"ib-link\"><a href=\"https:\/\/exadi.es\/en\/catalogo\/\" target=\"\" style=\"color: #ffffff;\">Ir al Cat\u00e1logo<\/a><\/p><\/div><\/div><\/div><\/div><\/div><\/div><\/div><\/div><\/div><\/div><div class=\"vc_row-full-width vc_clearfix\"><\/div>\n<\/div>","protected":false},"excerpt":{"rendered":"CONSUMIBLES INFORM\u00c1TICOS, HARDWARE Y ACCESORIOS\u201cLa atenci\u00f3n personalizada, velocidad de respuesta y garant\u00eda de calidad de todos sus productos y servicios, [...]","protected":false},"author":6,"featured_media":9318,"parent":0,"menu_order":0,"comment_status":"closed","ping_status":"closed","template":"","meta":{"ngg_post_thumbnail":0,"footnotes":""},"class_list":["post-5720","page","type-page","status-publish","has-post-thumbnail","hentry"],"_links":{"self":[{"href":"https:\/\/exadi.es\/en\/wp-json\/wp\/v2\/pages\/5720","targetHints":{"allow":["GET"]}}],"collection":[{"href":"https:\/\/exadi.es\/en\/wp-json\/wp\/v2\/pages"}],"about":[{"href":"https:\/\/exadi.es\/en\/wp-json\/wp\/v2\/types\/page"}],"author":[{"embeddable":true,"href":"https:\/\/exadi.es\/en\/wp-json\/wp\/v2\/users\/6"}],"replies":[{"embeddable":true,"href":"https:\/\/exadi.es\/en\/wp-json\/wp\/v2\/comments?post=5720"}],"version-history":[{"count":89,"href":"https:\/\/exadi.es\/en\/wp-json\/wp\/v2\/pages\/5720\/revisions"}],"predecessor-version":[{"id":10254,"href":"https:\/\/exadi.es\/en\/wp-json\/wp\/v2\/pages\/5720\/revisions\/10254"}],"wp:featuredmedia":[{"embeddable":true,"href":"https:\/\/exadi.es\/en\/wp-json\/wp\/v2\/media\/9318"}],"wp:attachment":[{"href":"https:\/\/exadi.es\/en\/wp-json\/wp\/v2\/media?parent=5720"}],"curies":[{"name":"wp","href":"https:\/\/api.w.org\/{rel}","templated":true}]}}