{"id":5730,"date":"2018-10-22T13:46:13","date_gmt":"2018-10-22T11:46:13","guid":{"rendered":"https:\/\/www.ekko-wp.com\/?page_id=5730"},"modified":"2022-04-23T22:52:28","modified_gmt":"2022-04-23T20:52:28","slug":"conocenos","status":"publish","type":"page","link":"https:\/\/exadi.es\/en\/conocenos\/","title":{"rendered":"Know Us"},"content":{"rendered":"<div class=\"wpb-content-wrapper\"><div data-vc-full-width=\"true\" data-vc-full-width-init=\"false\" data-vc-stretch-content=\"true\" class=\"vc_row wpb_row vc_row-fluid vc_custom_1650619772926 vc_row-bg-position-top\"><div class=\"wpb_column vc_column_container vc_col-sm-12\"><div class=\"vc_column-inner vc_custom_1599032616729\"><div class=\"wpb_wrapper\"><div class=\"vc_row wpb_row vc_inner vc_row-fluid vc_custom_1650648344090 vc_custom_1650648344091 vc_custom_1650648344092 vc_row-has-fill vc_row-has-padding-top vc_row-has-padding-bottom vc_row-bg-position-top vc_inner_row-contained\"><div class=\"container\"><div class=\"wpb_column vc_column_container vc_col-sm-12 vc_col-lg-offset-0 vc_col-lg-6 vc_col-md-offset-1 vc_col-sm-offset-1\"><div class=\"vc_column-inner vc_custom_1650648393635 vc_custom_1650648393636 vc_custom_1650648393636 vc_custom_1650648393637\"><div class=\"wpb_wrapper\"><header class=\"kd-section-title col-lg-12 text-left  subtitle-below-title\" ><h2 class=\"separator_off\" style=\"color: #514c4d;\">Exadi Business S.L.<\/h2><\/header><div class=\"vc_empty_space\"   style=\"height: 10px\"><span class=\"vc_empty_space_inner\"><\/span><\/div>\n\t<div class=\"wpb_text_column wpb_content_element\" >\n\t\t<div class=\"wpb_wrapper\">\n\t\t\t<p>It is a company based in Albacete (Spain) specialized in the <strong>Wholesale Distribution of IT (Consumables, Hardware and Accessories), Office Materials and Furniture, Stationery and General Services.<\/strong><\/p>\n<p>Made up of qualified professionals with extensive professional history and extensive experience in the sector in important companies such as Adimpo S.A. We constantly invest in the professional growth of our team. This formula for success has led us not only to <strong>lead the national market<\/strong>, but to be a reference company at an international level, especially developing our market in Europe and South America.<\/p>\n<p>We offer top brand products through a highly specialized service and a permanent stock of more than <strong>60,000 products<\/strong> that respond to the needs of our clients (Computer Stores, Stationery Stores and Office Supplies Suppliers). The <strong>personalized attention<\/strong>, quick response and the quality guarantee of our services, are the values \u200b\u200bthat support us and make the difference.<\/p>\n\n\t\t<\/div>\n\t<\/div>\n<\/div><\/div><\/div><div class=\"wpb_column vc_column_container vc_col-sm-12 vc_col-lg-6\"><div class=\"vc_column-inner\"><div class=\"wpb_wrapper\"><div class=\"kd-photo-group group-layout-right-left large-shadow enable-parallax\">\n                <div class=\"kd-group-image first-image-wrapper\"><div class=\"kd-group-image-animation kd-animated fadeInDown\" data-animation-delay=\"200\"><img loading=\"lazy\" decoding=\"async\" width=\"372\" height=\"428\" src=\"https:\/\/exadi.es\/wp-content\/uploads\/2021\/09\/EXADI-HOME-1-3.png\" class=\"attachment-full\" alt=\"\" title=\"EXADI-HOME-1\" srcset=\"https:\/\/exadi.es\/wp-content\/uploads\/2021\/09\/EXADI-HOME-1-3.png 372w, https:\/\/exadi.es\/wp-content\/uploads\/2021\/09\/EXADI-HOME-1-3-261x300.png 261w\" sizes=\"auto, (max-width: 372px) 100vw, 372px\" \/><\/div><\/div>\n                <div class=\"kd-group-image second-image-wrapper\" style=\"bottom: 10%;\"><div class=\"kd-group-image-animation kd-animated fadeInUp\" data-animation-delay=\"200\"><img loading=\"lazy\" decoding=\"async\" width=\"372\" height=\"428\" src=\"https:\/\/exadi.es\/wp-content\/uploads\/2021\/09\/EXADI-HOME-2-2.png\" class=\"attachment-full\" alt=\"\" title=\"EXADI-HOME-2\" srcset=\"https:\/\/exadi.es\/wp-content\/uploads\/2021\/09\/EXADI-HOME-2-2.png 372w, https:\/\/exadi.es\/wp-content\/uploads\/2021\/09\/EXADI-HOME-2-2-261x300.png 261w\" sizes=\"auto, (max-width: 372px) 100vw, 372px\" \/><\/div><\/div>\n            <\/div><div class=\"kd-shapes shape_dots with-parallax kd-animated zoomIn\" style=\"right: -45px;bottom: -160px;width: 340px;height: 173px;\" data-parallax-speed=\"-0.05\" data-animation-delay=\"400\"><\/div><\/div><\/div><\/div><\/div><\/div><\/div><\/div><\/div><\/div><div class=\"vc_row-full-width vc_clearfix\"><\/div><div class=\"vc_row wpb_row vc_row-fluid vc_custom_1606146883027 vc_row-bg-position-top\"><div class=\"wpb_column vc_column_container vc_col-sm-12\"><div class=\"vc_column-inner\"><div class=\"wpb_wrapper\"><div class=\"feature-sections-wrapper navigation-icons kd-fsp-69fb5c3e78420\">\n            <section class=\"feature-sections-tabs\">\n              <nav class=\"kd-feature-tabs\">\n                <ul class=\"nav nav-tabs sticky-tabs container\">\n                <\/ul>\n              <\/nav>\n            <\/section>\n            <section id=\"ServiciosLog\u00edsticos\" class=\"featured-right\"><li class=\"nav-label\"><a class=\"feature-tabs-scroll\" href=\"#ServiciosLog\u00edsticos\"><span class=\"nav-number\"><\/span><i class=\"iconsmind-Plane iconsmind-Transportation fss-nav-icon\" style=\" \"><\/i> Logistics Services<\/a><\/li><div class=\"container\">\n                <div class=\"side-content-wrapper kd-animated fadeInLeft\" data-animation-delay=\"200\"><h2 class=\"side-content-title\" style=\"color: #cd1733;\">Logistics Services<\/h2><h6 class=\"side-content-subtitle\" style=\"color: #514c4d;\">The integration with the main logistics operators and the adaptation to technological advances allow us to exercise exhaustive control of the entire distribution process and we can offer a differentiating service, guaranteeing the sending and receiving of merchandise in optimal conditions and in the shortest time. possible.<\/h6><div class=\"side-content-text\" style=\"color: #514c4d;\"><\/p>\n<ul>\n<li><span style=\"color: #454444; font-size: 10pt; font-family: arial, helvetica, sans-serif;\"><strong>Quality Service<\/strong>. From our Logistics Center in Albacete we place your orders the next day anywhere on the peninsula.<\/span><\/li>\n<li><span style=\"color: #454444; font-size: 10pt; font-family: arial, helvetica, sans-serif;\"><strong>Drop Shipment<\/strong>. (Deliveries to third parties) We deliver the order to the end customer personalized with the corporate identity of our clients.<\/span><\/li>\n<\/ul>\n<p><\/div><div class=\"side-content-link sc-primary-btn\"><a href=\"https:\/\/exadi.es\/en\/contacto\/\" target=\"_self\" title=\"Contact\" class=\"simple-link button-action-link\">Contact<\/a><\/div><\/div><div class=\"side-featured-wrapper fss-rectangle kd-animated fadeInRight fss-shadow-image\" data-animation-delay=\"200\">\n      <div class=\"featured-image\"><a data-size=\"1024x771\" href=\"https:\/\/exadi.es\/wp-content\/uploads\/2021\/10\/EXADI_-160-1024x771.png\"><img loading=\"lazy\" decoding=\"async\" width=\"5101\" height=\"3840\" src=\"https:\/\/exadi.es\/wp-content\/uploads\/2021\/10\/EXADI_-160.png\" class=\"attachment-full\" alt=\"\" title=\"EXADI_-160\" srcset=\"https:\/\/exadi.es\/wp-content\/uploads\/2021\/10\/EXADI_-160.png 5101w, https:\/\/exadi.es\/wp-content\/uploads\/2021\/10\/EXADI_-160-800x602.png 800w, https:\/\/exadi.es\/wp-content\/uploads\/2021\/10\/EXADI_-160-300x226.png 300w, https:\/\/exadi.es\/wp-content\/uploads\/2021\/10\/EXADI_-160-1024x771.png 1024w, https:\/\/exadi.es\/wp-content\/uploads\/2021\/10\/EXADI_-160-768x578.png 768w, https:\/\/exadi.es\/wp-content\/uploads\/2021\/10\/EXADI_-160-1536x1156.png 1536w, https:\/\/exadi.es\/wp-content\/uploads\/2021\/10\/EXADI_-160-2048x1542.png 2048w\" sizes=\"auto, (max-width: 5101px) 100vw, 5101px\" \/><\/a><\/div>\n    <\/div><\/div>\n            <\/section><section id=\"ServiciosComerciales\" class=\"featured-left\"><li class=\"nav-label\"><a class=\"feature-tabs-scroll\" href=\"#ServiciosComerciales\"><span class=\"nav-number\"><\/span><i class=\"iconsmind-Calendar-4 iconsmind-Business-Finance fss-nav-icon\" style=\" \"><\/i> Commercial services<\/a><\/li><div class=\"container\">\n                <div class=\"side-content-wrapper kd-animated fadeInRight\" data-animation-delay=\"200\"><h2 class=\"side-content-title\" style=\"color: #cd1733;\">Commercial services<\/h2><h6 class=\"side-content-subtitle\" style=\"color: #514c4d;\">Our extensive Commercial Network is at the service of our clients and actively collaborates in the growth of their business.<\/h6><div class=\"side-content-link sc-primary-btn\"><a href=\"https:\/\/exadi.es\/en\/contacto\/\" target=\"_self\" title=\"Contact\" class=\"simple-link button-action-link\">Contact<\/a><\/div><\/div><div class=\"side-featured-wrapper fss-rectangle kd-animated fadeInLeft fss-shadow-image\" data-animation-delay=\"200\">\n      <div class=\"featured-image\"><a data-size=\"1024x757\" href=\"https:\/\/exadi.es\/wp-content\/uploads\/2021\/10\/COMERCIALES-1-1024x757.jpg\"><img loading=\"lazy\" decoding=\"async\" width=\"1082\" height=\"800\" src=\"https:\/\/exadi.es\/wp-content\/uploads\/2021\/10\/COMERCIALES-1.jpg\" class=\"attachment-full\" alt=\"\" title=\"COMERCIALES\" srcset=\"https:\/\/exadi.es\/wp-content\/uploads\/2021\/10\/COMERCIALES-1.jpg 1082w, https:\/\/exadi.es\/wp-content\/uploads\/2021\/10\/COMERCIALES-1-800x591.jpg 800w, https:\/\/exadi.es\/wp-content\/uploads\/2021\/10\/COMERCIALES-1-300x222.jpg 300w, https:\/\/exadi.es\/wp-content\/uploads\/2021\/10\/COMERCIALES-1-1024x757.jpg 1024w, https:\/\/exadi.es\/wp-content\/uploads\/2021\/10\/COMERCIALES-1-768x568.jpg 768w\" sizes=\"auto, (max-width: 1082px) 100vw, 1082px\" \/><\/a><\/div>\n    <\/div><\/div>\n            <\/section><section id=\"ServiciosMarketing\" class=\"featured-right\"><li class=\"nav-label\"><a class=\"feature-tabs-scroll\" href=\"#ServiciosMarketing\"><span class=\"nav-number\"><\/span><i class=\"iconsmind-Board iconsmind-Design fss-nav-icon\" style=\" \"><\/i> Marketing Services<\/a><\/li><div class=\"container\">\n                <div class=\"side-content-wrapper kd-animated fadeInLeft\" data-animation-delay=\"200\"><h2 class=\"side-content-title\" style=\"color: #cd1733;\">Marketing Services<\/h2><h6 class=\"side-content-subtitle\" style=\"color: #514c4d;\">We provide our clients with customized marketing tools and action plans to help them identify and expand business opportunities.<\/h6><div class=\"side-content-link sc-primary-btn\"><a href=\"https:\/\/exadi.es\/en\/contacto\/\" target=\"_self\" title=\"Contact\" class=\"simple-link button-action-link\">Contact<\/a><\/div><\/div><div class=\"side-featured-wrapper fss-rectangle kd-animated fadeInRight fss-shadow-image\" data-animation-delay=\"200\">\n      <div class=\"featured-image\"><a data-size=\"1024x768\" href=\"https:\/\/exadi.es\/wp-content\/uploads\/2021\/11\/MARKETING-1024x768-1.png\"><img loading=\"lazy\" decoding=\"async\" width=\"1024\" height=\"768\" src=\"https:\/\/exadi.es\/wp-content\/uploads\/2021\/11\/MARKETING-1024x768-1.png\" class=\"attachment-full\" alt=\"\" title=\"MARKETING-1024x768 (1)\" srcset=\"https:\/\/exadi.es\/wp-content\/uploads\/2021\/11\/MARKETING-1024x768-1.png 1024w, https:\/\/exadi.es\/wp-content\/uploads\/2021\/11\/MARKETING-1024x768-1-300x225.png 300w, https:\/\/exadi.es\/wp-content\/uploads\/2021\/11\/MARKETING-1024x768-1-768x576.png 768w, https:\/\/exadi.es\/wp-content\/uploads\/2021\/11\/MARKETING-1024x768-1-800x600.png 800w\" sizes=\"auto, (max-width: 1024px) 100vw, 1024px\" \/><\/a><\/div>\n    <\/div><\/div>\n            <\/section><section id=\"ServiciosFinancieros\" class=\"featured-left\"><li class=\"nav-label\"><a class=\"feature-tabs-scroll\" href=\"#ServiciosFinancieros\"><span class=\"nav-number\"><\/span><i class=\"iconsmind-Bar-Chart3 iconsmind-Business-Finance fss-nav-icon\" style=\" \"><\/i> Financial services<\/a><\/li><div class=\"container\">\n                <div class=\"side-content-wrapper kd-animated fadeInLeft\" data-animation-delay=\"200\"><h2 class=\"side-content-title\" style=\"color: #cd1733;\">Financial services<\/h2><h6 class=\"side-content-subtitle\" style=\"color: #514c4d;\">We offer financing for your orders since we work closely with solid financial entities and insurance companies, in order to grant them payment conditions in accordance with your company.<\/h6><div class=\"side-content-link sc-primary-btn\"><a href=\"https:\/\/exadi.es\/en\/contacto\/\" target=\"_self\" title=\"Contact\" class=\"simple-link button-action-link\">Contact<\/a><\/div><\/div><div class=\"side-featured-wrapper fss-rectangle kd-animated fadeInRight fss-shadow-image\" data-animation-delay=\"200\">\n      <div class=\"featured-image\"><a data-size=\"1024x757\" href=\"https:\/\/exadi.es\/wp-content\/uploads\/2021\/10\/financieros-1024x757.png\"><img loading=\"lazy\" decoding=\"async\" width=\"1082\" height=\"800\" src=\"https:\/\/exadi.es\/wp-content\/uploads\/2021\/10\/financieros.png\" class=\"attachment-full\" alt=\"\" title=\"financieros\" srcset=\"https:\/\/exadi.es\/wp-content\/uploads\/2021\/10\/financieros.png 1082w, https:\/\/exadi.es\/wp-content\/uploads\/2021\/10\/financieros-800x591.png 800w, https:\/\/exadi.es\/wp-content\/uploads\/2021\/10\/financieros-300x222.png 300w, https:\/\/exadi.es\/wp-content\/uploads\/2021\/10\/financieros-1024x757.png 1024w, https:\/\/exadi.es\/wp-content\/uploads\/2021\/10\/financieros-768x568.png 768w\" sizes=\"auto, (max-width: 1082px) 100vw, 1082px\" \/><\/a><\/div>\n    <\/div><\/div>\n            <\/section><section id=\"ServiciosITInform\u00e1ticos\" class=\"featured-right\"><li class=\"nav-label\"><a class=\"feature-tabs-scroll\" href=\"#ServiciosITInform\u00e1ticos\"><span class=\"nav-number\"><\/span><i class=\"iconsmind-Sidebar-Window iconsmind-Windows-Class fss-nav-icon\" style=\" \"><\/i> IT Services<\/a><\/li><div class=\"container\">\n                <div class=\"side-content-wrapper kd-animated fadeInRight\" data-animation-delay=\"200\"><h2 class=\"side-content-title\" style=\"color: #cd1733;\">IT Services \u2013 Computer<\/h2><h6 class=\"side-content-subtitle\" style=\"color: #514c4d;\">We are in a continuous process of innovation developing computer systems based on the latest technologies. REST API integration tool using technology based on web standards, EXCEL API that allows you to make queries, create orders, track the traceability of your shipments... with a single mouse click. Our fast and intuitive e-commerce platform, with a sophisticated product search system with more than 60,000 compatibilities.<\/h6><div class=\"side-content-link sc-primary-btn\"><a href=\"https:\/\/exadi.es\/en\/contacto\/\" target=\"_self\" title=\"Contact\" class=\"simple-link button-action-link\">Contact<\/a><\/div><\/div><div class=\"side-featured-wrapper fss-rectangle kd-animated fadeInLeft fss-shadow-image\" data-animation-delay=\"200\">\n      <div class=\"featured-image\"><a data-size=\"1024x757\" href=\"https:\/\/exadi.es\/wp-content\/uploads\/2022\/04\/itcopia-1024x757.jpg\"><img loading=\"lazy\" decoding=\"async\" width=\"1082\" height=\"800\" src=\"https:\/\/exadi.es\/wp-content\/uploads\/2022\/04\/itcopia.jpg\" class=\"attachment-full\" alt=\"\" title=\"itcopia\" srcset=\"https:\/\/exadi.es\/wp-content\/uploads\/2022\/04\/itcopia.jpg 1082w, https:\/\/exadi.es\/wp-content\/uploads\/2022\/04\/itcopia-300x222.jpg 300w, https:\/\/exadi.es\/wp-content\/uploads\/2022\/04\/itcopia-1024x757.jpg 1024w, https:\/\/exadi.es\/wp-content\/uploads\/2022\/04\/itcopia-768x568.jpg 768w, https:\/\/exadi.es\/wp-content\/uploads\/2022\/04\/itcopia-800x591.jpg 800w\" sizes=\"auto, (max-width: 1082px) 100vw, 1082px\" \/><\/a><\/div>\n    <\/div><\/div>\n            <\/section>\n            <\/div><style type=\"text\/css\">.feature-sections-wrapper.kd-fsp-69fb5c3e78420 .feature-sections-tabs .nav-tabs a, .feature-sections-wrapper .feature-sections-tabs .nav-tabs a .fa { color: #505050; }.feature-sections-wrapper.kd-fsp-69fb5c3e78420 .feature-sections-tabs .nav-tabs li.active a,\n                .feature-sections-wrapper.kd-fsp-69fb5c3e78420 .feature-sections-tabs .nav-tabs a:hover,\n                .feature-sections-wrapper.kd-fsp-69fb5c3e78420 .feature-sections-tabs .nav-tabs li.active a .fa,\n                .feature-sections-wrapper.kd-fsp-69fb5c3e78420 .feature-sections-tabs .nav-tabs a:hover .fa { color: #cd1733; }.feature-sections-wrapper.kd-fsp-69fb5c3e78420 .feature-sections-tabs .nav-tabs li.active a { border-color: #cd1733; }<\/style><\/div><\/div><\/div><\/div><div data-vc-full-width=\"true\" data-vc-full-width-init=\"false\" class=\"vc_row wpb_row vc_row-fluid vc_row-bg-position-top\"><div class=\"wpb_column vc_column_container vc_col-sm-12\"><div class=\"vc_column-inner\"><div class=\"wpb_wrapper\"><div class=\"vc_row wpb_row vc_inner vc_row-fluid vc_custom_1650667576995 vc_custom_1650667576996 vc_row-has-padding-top vc_row-has-padding-bottom vc_row-bg-position-top vc_row-o-content-middle vc_row-flex\"><div class=\"wpb_column vc_column_container vc_col-sm-12 vc_col-lg-offset-0 vc_col-lg-6 vc_col-md-offset-0 vc_col-sm-offset-0\"><div class=\"vc_column-inner vc_custom_1599050735143 vc_custom_1599050735144 vc_custom_1599050735146 vc_custom_1599050735147\"><div class=\"wpb_wrapper\"><div class=\"video-container play-button-center small-video-btn   kd-animated fadeIn\" data-animation-delay=\"200\"><img loading=\"lazy\" decoding=\"async\" width=\"1913\" height=\"1070\" src=\"https:\/\/exadi.es\/wp-content\/uploads\/2022\/04\/Captura-de-pantalla-2022-04-20-a-las-18.49.13.png\" class=\"attachment-full\" alt=\"\" title=\"Captura de pantalla 2022-04-20 a las 18.49.13\" srcset=\"https:\/\/exadi.es\/wp-content\/uploads\/2022\/04\/Captura-de-pantalla-2022-04-20-a-las-18.49.13.png 1913w, https:\/\/exadi.es\/wp-content\/uploads\/2022\/04\/Captura-de-pantalla-2022-04-20-a-las-18.49.13-300x168.png 300w, https:\/\/exadi.es\/wp-content\/uploads\/2022\/04\/Captura-de-pantalla-2022-04-20-a-las-18.49.13-1024x573.png 1024w, https:\/\/exadi.es\/wp-content\/uploads\/2022\/04\/Captura-de-pantalla-2022-04-20-a-las-18.49.13-768x430.png 768w, https:\/\/exadi.es\/wp-content\/uploads\/2022\/04\/Captura-de-pantalla-2022-04-20-a-las-18.49.13-1536x859.png 1536w, https:\/\/exadi.es\/wp-content\/uploads\/2022\/04\/Captura-de-pantalla-2022-04-20-a-las-18.49.13-800x447.png 800w\" sizes=\"auto, (max-width: 1913px) 100vw, 1913px\" \/><a data-toggle=\"modal\" data-target=\"#video-modal-kd-video-modal-69fb5c3e7c572\" data-src=\"https:\/\/www.youtube.com\/embed\/P8A4vv1Ssn0\" data-backdrop=\"true\" class=\"\"><span class=\"play-video\"><span class=\"sway-play\"><\/span><\/span><\/a><\/div><div class=\"modal fade video-modal\" id=\"video-modal-kd-video-modal-69fb5c3e7c572\" role=\"dialog\">\n                            <div class=\"modal-content\">\n                            <button type=\"button\" class=\"close\" data-dismiss=\"modal\">\u00d7<\/button>\n                            <div class=\"row\"><iframe width=\"1024\" height=\"576\" allow=\"autoplay; fullscreen\"><\/iframe><\/div>\n                            <\/div>\n                        <\/div><div class=\"kd-shapes shape_dots with-parallax kd-animated zoomIn\" style=\"right: -30px;bottom: -100px;width: 340px;height: 173px;\" data-parallax-speed=\"-0.1\" data-animation-delay=\"400\"><\/div><\/div><\/div><\/div><div class=\"wpb_column vc_column_container vc_col-sm-12 vc_col-lg-6\"><div class=\"vc_column-inner vc_custom_1599050763930 vc_custom_1599050763933 vc_custom_1599050763934 vc_custom_1599050763935\"><div class=\"wpb_wrapper\"><header class=\"kd-section-title col-lg-12 text-left  subtitle-below-title kd-animated fadeIn   vc_custom_1650650590342\" data-animation-delay=\"200\"><h2 class=\"separator_off\" style=\"margin-bottom: 30px;\">10th Edition Supplement Awards<\/h2><h6 class=\"subtitle\" style=\"color: #5b5b5b;\">Exadi received the El Suplemento National Award in the Internationalization category.<\/h6><\/header><a  href=\"https:\/\/www.elsuplemento.es\/premiado\/exadi-premio-nacional-el-suplemento-2021-en-la-categoria-expansion-internacional\"  target=\"_blank\"  title=\"\" class=\"tt_button tt_primary_button btn_primary_color  btn-align-left button-action-link icon_right  kd-animated zoomIn\" data-animation-delay=\"200\"><span class=\"prim_text\">Read news<\/span><span class=\"fas fa-chevron-right iconita\" style=\"font-size: 12px;\"><\/span><\/a><\/div><\/div><\/div><\/div><\/div><\/div><\/div><\/div><div class=\"vc_row-full-width vc_clearfix\"><\/div><div class=\"vc_row wpb_row vc_row-fluid vc_row-bg-position-top\"><div class=\"wpb_column vc_column_container vc_col-sm-12\"><div class=\"vc_column-inner\"><div class=\"wpb_wrapper\"><div class=\"vc_empty_space\"   style=\"height: 50px\"><span class=\"vc_empty_space_inner\"><\/span><\/div><\/div><\/div><\/div><\/div><div data-vc-full-width=\"true\" data-vc-full-width-init=\"false\" class=\"vc_row wpb_row vc_row-fluid background-blend vc_custom_1650369402601 vc_row-has-fill vc_row-has-padding-top vc_row-bg-position-top\"><div class=\"wpb_column vc_column_container vc_col-sm-12\"><div class=\"vc_column-inner vc_custom_1597665991208\"><div class=\"wpb_wrapper\"><header class=\"kd-section-title col-lg-12 text-center  subtitle-above-title kd-animated fadeIn   vc_custom_1650563216500\" data-animation-delay=\"200\"><h6 class=\"subtitle\" style=\"color: #ffffff;font-size: 20px;\">CONSTANT DEVELOPMENT IS ONE OF THE KEYS OF OUR STRATEGY<\/h6><h2 class=\"separator_off\" style=\"color: #ffffff;font-size: 42px;\">We offer security and quality assurance,<br \/>\nwhatever your location<\/h2><\/header><a  href=\"https:\/\/exadi.es\/en\/contacto\/\"  target=\"_self\"  title=\"Contact\" class=\"tt_button tt_primary_button btn_primary_color hover_solid_white button-center button-action-link icon_right  kd-animated zoomIn\" data-animation-delay=\"200\"><span class=\"prim_text\">Talk later?<\/span><span class=\"fas fa-chevron-right iconita\" ><\/span><\/a><div class=\"vc_row wpb_row vc_inner vc_row-fluid vc_custom_1632921669748 vc_custom_1632921669749 vc_custom_1632921669750 vc_row-has-padding-top vc_row-bg-position-top\"><div class=\"wpb_column vc_column_container vc_col-sm-3 vc_col-lg-3 vc_col-md-6\"><div class=\"vc_column-inner\"><div class=\"wpb_wrapper\"><div class=\"key-icon-box icon-default icon-top cont-center ib-no-effect    with-border icon-no-background icon-no-border kd-animated fadeInUp\" style=\"background-color: transparent;border: 1px solid rgba(255,255,255,0.3);\" ><div class=\"ib-wrapper\" style=\"padding-bottom:50px;\"><div class=\"ib-simple-icon-wrapper\" style=\"margin-bottom:30px;\"><i class=\"iconsmind-Envelope-2 iconsmind-Emails\" style=\"color: #ffffff;font-size: 40px;font-weight: 400;\"><\/i> <\/div><h6 class=\"service-heading\" style=\"color: #ffffff;\">Contact<\/h6><p style=\"color:#ffffff;\">Access our form<br \/>\ngeneral contact<\/p><p class=\"ib-link\"><a href=\"https:\/\/exadi.es\/en\/contacto\/\" target=\"\" style=\"color: #ffffff;\">Go to Contact<\/a><\/p><\/div><\/div><\/div><\/div><\/div><div class=\"wpb_column vc_column_container vc_col-sm-3 vc_col-lg-3 vc_col-md-6\"><div class=\"vc_column-inner\"><div class=\"wpb_wrapper\"><div class=\"key-icon-box icon-default icon-top cont-center ib-no-effect    with-border icon-no-background icon-no-border kd-animated fadeInUp\" style=\"background-color: transparent;border: 1px solid rgba(255,255,255,0.3);\" data-animation-delay=\"200\"><div class=\"ib-wrapper\" style=\"padding-bottom:50px;\"><div class=\"ib-simple-icon-wrapper\" style=\"margin-bottom:30px;\"><i class=\"iconsmind-Map2 iconsmind-Maps-Locations\" style=\"color: #ffffff;font-size: 40px;font-weight: 400;\"><\/i> <\/div><h6 class=\"service-heading\" style=\"color: #ffffff;\">Location<\/h6><p style=\"color:#ffffff;\">Where we are? Access<br \/>\nto our map<\/p><p class=\"ib-link\"><a href=\"https:\/\/goo.gl\/maps\/75iafY8y6EmGfx866\" target=\"_blank\" style=\"color: #ffffff;\">Go to Map<\/a><\/p><\/div><\/div><\/div><\/div><\/div><div class=\"wpb_column vc_column_container vc_col-sm-3 vc_col-lg-3 vc_col-md-6\"><div class=\"vc_column-inner\"><div class=\"wpb_wrapper\"><div class=\"key-icon-box icon-default icon-top cont-center ib-no-effect    with-border icon-no-background icon-no-border kd-animated fadeInUp\" style=\"background-color: transparent;border: 1px solid rgba(255,255,255,0.3);\" data-animation-delay=\"400\"><div class=\"ib-wrapper\" style=\"padding-bottom:50px;\"><div class=\"ib-simple-icon-wrapper\" style=\"margin-bottom:30px;\"><i class=\"far fa-copy\" style=\"color: #ffffff;font-size: 40px;font-weight: 400;\"><\/i> <\/div><h6 class=\"service-heading\" style=\"color: #ffffff;\">Services<\/h6><p style=\"color:#ffffff;\">How can we help you?<br \/>\nDiscover our services<\/p><p class=\"ib-link\"><a href=\"https:\/\/exadi.es\/en\/conocenos\/\" target=\"\" style=\"color: #ffffff;\">Go to Services<\/a><\/p><\/div><\/div><\/div><\/div><\/div><div class=\"wpb_column vc_column_container vc_col-sm-3 vc_col-lg-3 vc_col-md-6\"><div class=\"vc_column-inner\"><div class=\"wpb_wrapper\"><div class=\"key-icon-box icon-default icon-top cont-center ib-no-effect    with-border icon-no-background icon-no-border kd-animated fadeInUp\" style=\"background-color: transparent;border: 1px solid rgba(255,255,255,0.3);\" data-animation-delay=\"600\"><div class=\"ib-wrapper\" style=\"padding-bottom:50px;\"><div class=\"ib-simple-icon-wrapper\" style=\"margin-bottom:30px;\"><i class=\"fab fa-linkedin\" style=\"color: #ffffff;font-size: 40px;font-weight: 400;\"><\/i> <\/div><h6 class=\"service-heading\" style=\"color: #ffffff;\">Linkedin<\/h6><p style=\"color:#ffffff;\">Follow us on our<br \/>\nofficial linkedin account<\/p><p class=\"ib-link\"><a href=\"https:\/\/www.linkedin.com\/company\/exadi\/\" target=\"_blank\" style=\"color: #ffffff;\">Go to Linkedin<\/a><\/p><\/div><\/div><\/div><\/div><\/div><\/div><\/div><\/div><\/div><\/div><div class=\"vc_row-full-width vc_clearfix\"><\/div>\n<\/div>","protected":false},"excerpt":{"rendered":"Exadi Business S.L. Es una empresa con sede en Albacete (Espa\u00f1a) especializada en la Distribuci\u00f3n Mayorista de Inform\u00e1tica (Consumibles, Hardware [...]","protected":false},"author":6,"featured_media":9569,"parent":0,"menu_order":0,"comment_status":"closed","ping_status":"closed","template":"","meta":{"ngg_post_thumbnail":0,"footnotes":""},"class_list":["post-5730","page","type-page","status-publish","has-post-thumbnail","hentry"],"_links":{"self":[{"href":"https:\/\/exadi.es\/en\/wp-json\/wp\/v2\/pages\/5730","targetHints":{"allow":["GET"]}}],"collection":[{"href":"https:\/\/exadi.es\/en\/wp-json\/wp\/v2\/pages"}],"about":[{"href":"https:\/\/exadi.es\/en\/wp-json\/wp\/v2\/types\/page"}],"author":[{"embeddable":true,"href":"https:\/\/exadi.es\/en\/wp-json\/wp\/v2\/users\/6"}],"replies":[{"embeddable":true,"href":"https:\/\/exadi.es\/en\/wp-json\/wp\/v2\/comments?post=5730"}],"version-history":[{"count":123,"href":"https:\/\/exadi.es\/en\/wp-json\/wp\/v2\/pages\/5730\/revisions"}],"predecessor-version":[{"id":10574,"href":"https:\/\/exadi.es\/en\/wp-json\/wp\/v2\/pages\/5730\/revisions\/10574"}],"wp:featuredmedia":[{"embeddable":true,"href":"https:\/\/exadi.es\/en\/wp-json\/wp\/v2\/media\/9569"}],"wp:attachment":[{"href":"https:\/\/exadi.es\/en\/wp-json\/wp\/v2\/media?parent=5730"}],"curies":[{"name":"wp","href":"https:\/\/api.w.org\/{rel}","templated":true}]}}